{"id":36,"date":"2026-04-07T19:27:35","date_gmt":"2026-04-07T19:27:35","guid":{"rendered":"https:\/\/markvest.de\/buchung\/"},"modified":"2026-04-07T21:37:28","modified_gmt":"2026-04-07T21:37:28","slug":"buchung","status":"publish","type":"page","link":"https:\/\/markvest.de\/ru\/buchung\/","title":{"rendered":"Buchung"},"content":{"rendered":"<div class=\"wp-block-group alignfull is-style-ext-preset--group--natural-1--section ext-animate--on has-background-background-color has-background has-global-padding is-layout-constrained wp-container-core-group-is-layout-ab56ae29 wp-block-group-is-layout-constrained\" id=\"jetzt-buchen\" style=\"margin-top:0;margin-bottom:0;padding-top:var(--wp--preset--spacing--70);padding-bottom:var(--wp--preset--spacing--70)\">\n<h2 class=\"wp-block-heading has-text-align-center ext-animate--on\">Effektive PR-Strategien f\u00fcr K\u00fcnstler und Coaches<\/h2>\n\n\n\n<p class=\"has-text-align-center ext-animate--on\" style=\"margin-top:1.5rem\">Dieser Abschnitt erkl\u00e4rt, wie Termine schnell und effizient gebucht werden k\u00f6nnen und liefert alle wichtigen Details, damit Benutzer ihren Buchungsprozess abschlie\u00dfen k\u00f6nnen.<\/p>\n\n\n\n<div class=\"wp-block-group alignwide ext-animate--on has-global-padding is-layout-constrained wp-block-group-is-layout-constrained\"><div class=\"alert-container\">    <div class=\"alert alert-danger\" style=\"font-size: 16px; color: #721c24;background-color: #f8d7da;border-color: #f5c6cb; padding: 20px; border-radius: 5px;\">        <strong>Notice:<\/strong>        This is a demo SimplyBook.me widget.    <\/div><\/div><div id=\"sbw_z0hg2i_calendar\"><\/div><script type=\"text\/javascript\">function instantiateSimplyBookWidget() {    new SimplybookWidget({        \"widget_type\": \"iframe\",        \"url\": \"https:\/\/demowidgetwpplugin.simplybook.it\",        \"theme\": \"default\",        \"theme_settings\": {\"timeline_show_end_time\":false,\"timeline_hide_unavailable\":true,\"hide_past_days\":false,\"hide_img_mode\":true,\"show_sidebar\":true,\"timeline_modern_display\":\"as_slots\",\"display_item_mode\":\"block\",\"sb_base_color\":\"#FFFCFC\",\"booking_nav_bg_color\":\"#17181A\",\"body_bg_color\":\"#f7f7f7\",\"dark_font_color\":\"#494949\",\"light_font_color\":\"var(--wp--custom--elements--button--color--text)\",\"btn_color_1\":\"#17181A\",\"sb_company_label_color\":\"#17181A\",\"sb_busy\":\"#FFFCFC\",\"sb_available\":\"var(--wp--custom--elements--button--color--background)\",\"sb_review_image\":\"\",\"hide_company_label\":false,\"link_color\":\"var(--wp--custom--elements--button--color--background)\"},        \"timeline\": \"modern\",        \"datepicker\": \"top_calendar\",        \"is_rtl\": \"\",        \"app_config\": {            \"clear_session\": \"1\",            \"allow_switch_to_ada\": \"\",            \"predefined\": [],        },        \"container_id\": \"sbw_z0hg2i_calendar\"    });}document.addEventListener(\"DOMContentLoaded\", instantiateSimplyBookWidget);document.addEventListener(\"loadSimplyBookPreviewWidget\", instantiateSimplyBookWidget);<\/script><\/div>\n<\/div>\n\n<div class=\"wp-block-group alignfull is-style-ext-preset--group--natural-1--section has-tertiary-background-color has-background has-global-padding is-layout-constrained wp-container-core-group-is-layout-18437aeb wp-block-group-is-layout-constrained\" style=\"margin-top:0;margin-bottom:0;padding-top:var(--wp--preset--spacing--70);padding-right:0;padding-bottom:var(--wp--preset--spacing--70);padding-left:0\">\n<div class=\"wp-block-group alignwide is-style-ext-preset--group--natural-1--item-card-1--align-start has-global-padding is-layout-constrained wp-block-group-is-layout-constrained is-style-ext-preset--group--natural-1--item-card-1--align-start--3\">\n<div class=\"wp-block-cover alignwide is-style-ext-preset--cover--natural-1--cover-overlay-1 is-style-ext-preset--cover--natural-1--cover-overlay-1--4\" style=\"padding-top:var(--wp--preset--spacing--50);padding-right:var(--wp--preset--spacing--30);padding-bottom:var(--wp--preset--spacing--50);padding-left:var(--wp--preset--spacing--30)\"><img loading=\"lazy\" decoding=\"async\" width=\"1440\" height=\"961\" class=\"wp-block-cover__image-background wp-image-115\" alt=\"\" src=\"https:\/\/markvest.de\/wp-content\/uploads\/2026\/04\/61163d64610ba773fd624fb53c16057080356a12.jpg\" data-object-fit=\"cover\" srcset=\"https:\/\/markvest.de\/wp-content\/uploads\/2026\/04\/61163d64610ba773fd624fb53c16057080356a12.jpg 1440w, https:\/\/markvest.de\/wp-content\/uploads\/2026\/04\/61163d64610ba773fd624fb53c16057080356a12-300x200.jpg 300w, https:\/\/markvest.de\/wp-content\/uploads\/2026\/04\/61163d64610ba773fd624fb53c16057080356a12-1024x683.jpg 1024w, https:\/\/markvest.de\/wp-content\/uploads\/2026\/04\/61163d64610ba773fd624fb53c16057080356a12-768x513.jpg 768w, https:\/\/markvest.de\/wp-content\/uploads\/2026\/04\/61163d64610ba773fd624fb53c16057080356a12-18x12.jpg 18w\" sizes=\"auto, (max-width: 1440px) 100vw, 1440px\" \/><span aria-hidden=\"true\" class=\"wp-block-cover__background has-background-dim-80 has-background-dim\" style=\"background-color:#010101\"><\/span><div class=\"wp-block-cover__inner-container has-global-padding is-layout-constrained wp-container-core-cover-is-layout-1c074333 wp-block-cover-is-layout-constrained\">\n<div class=\"wp-block-group alignwide has-global-padding is-layout-constrained wp-container-core-group-is-layout-f3b35183 wp-block-group-is-layout-constrained\" style=\"padding-top:0;padding-right:0;padding-bottom:0;padding-left:0\">\n<h2 class=\"wp-block-heading has-text-align-center ext-animate--on has-x-large-font-size\" style=\"margin-bottom:24px\">Individuelle Marktl\u00f6sungen f\u00fcr kleine Unternehmen<\/h2>\n\n\n\n<p class=\"has-text-align-center ext-animate--on\" style=\"font-size:clamp(14px, 0.875rem + ((1vw - 3.2px) * 0.417), 18px);\">Dieser Abschnitt ermutigt Besucher, aktiv zu werden, z. B. sich anzumelden, zu abonnieren oder mehr \u00fcber Ihre Dienstleistungen zu erfahren. Er hebt die Vorteile des n\u00e4chsten Schrittes hervor und bietet klare Anweisungen zur Interaktion.<\/p>\n\n\n\n<div class=\"wp-block-buttons ext-animate--on is-content-justification-center is-layout-flex wp-container-core-buttons-is-layout-a89b3969 wp-block-buttons-is-layout-flex\">\n<div class=\"wp-block-button is-style-ext-preset--button--natural-1--button-1 is-style-ext-preset--button--natural-1--button-1--5\"><a class=\"wp-block-button__link wp-element-button\" href=\"https:\/\/markvest.de\/ru\/kontakt\/\">Erkunde mehr<\/a><\/div>\n<\/div>\n<\/div>\n<\/div><\/div>\n<\/div>\n<\/div>\n\n<div class=\"wp-block-group alignfull is-style-ext-preset--group--natural-1--section has-background-background-color has-background has-global-padding is-layout-constrained wp-block-group-is-layout-constrained\" id=\"ueber\" style=\"margin-top:0;margin-bottom:0;padding-top:var(--wp--preset--spacing--70);padding-bottom:var(--wp--preset--spacing--70)\">\n<div class=\"wp-block-columns alignwide are-vertically-aligned-center is-layout-flex wp-container-core-columns-is-layout-174606dc wp-block-columns-is-layout-flex\">\n<div class=\"wp-block-column is-vertically-aligned-center is-layout-flow wp-block-column-is-layout-flow\">\n<figure class=\"wp-block-image is-style-ext-preset--image--natural-1--image-1--content-right ext-animate--on is-style-ext-preset--image--natural-1--image-1--content-right--7\"><img loading=\"lazy\" decoding=\"async\" width=\"1440\" height=\"960\" class=\"wp-image-116\" src=\"https:\/\/markvest.de\/wp-content\/uploads\/2026\/04\/4845fdde7a481c7fa104c40fced4b328df2dd9bf.jpg\" alt=\"\" style=\"aspect-ratio:1;object-fit:cover\" srcset=\"https:\/\/markvest.de\/wp-content\/uploads\/2026\/04\/4845fdde7a481c7fa104c40fced4b328df2dd9bf.jpg 1440w, https:\/\/markvest.de\/wp-content\/uploads\/2026\/04\/4845fdde7a481c7fa104c40fced4b328df2dd9bf-300x200.jpg 300w, https:\/\/markvest.de\/wp-content\/uploads\/2026\/04\/4845fdde7a481c7fa104c40fced4b328df2dd9bf-1024x683.jpg 1024w, https:\/\/markvest.de\/wp-content\/uploads\/2026\/04\/4845fdde7a481c7fa104c40fced4b328df2dd9bf-768x512.jpg 768w, https:\/\/markvest.de\/wp-content\/uploads\/2026\/04\/4845fdde7a481c7fa104c40fced4b328df2dd9bf-18x12.jpg 18w\" sizes=\"auto, (max-width: 1440px) 100vw, 1440px\" \/><\/figure>\n<\/div>\n\n\n\n<div class=\"wp-block-column is-vertically-aligned-center is-layout-flow wp-block-column-is-layout-flow\">\n<h2 class=\"wp-block-heading ext-animate--on\">Strategische Gesch\u00e4ftsentwicklung f\u00fcr Ihren Erfolg<\/h2>\n\n\n\n<p class=\"ext-animate--on\" style=\"margin-top:1.5rem\">Dieser Abschnitt hebt die Mission und Werte Ihres Unternehmens hervor und bietet einen pr\u00e4gnanten \u00dcberblick \u00fcber dessen Ziele und Zweck. Er gibt Einblicke in die Vision, die Ihre Gesch\u00e4ftsentscheidungen und -richtung lenkt.<\/p>\n<\/div>\n<\/div>\n<\/div>","protected":false},"excerpt":{"rendered":"<p>Effektive PR-Strategien f\u00fcr K\u00fcnstler und Coaches Dieser Abschnitt erkl\u00e4rt, wie Termine schnell und effizient gebucht werden k\u00f6nnen und liefert alle wichtigen Details, damit Benutzer ihren Buchungsprozess abschlie\u00dfen k\u00f6nnen. Strategische Gesch\u00e4ftsentwicklung f\u00fcr Ihren Erfolg Dieser Abschnitt hebt die Mission und Werte Ihres Unternehmens hervor und bietet einen pr\u00e4gnanten \u00dcberblick \u00fcber dessen Ziele und Zweck. Er gibt [&hellip;]<\/p>\n","protected":false},"author":1,"featured_media":0,"parent":0,"menu_order":0,"comment_status":"closed","ping_status":"closed","template":"page-with-title","meta":{"footnotes":""},"class_list":["post-36","page","type-page","status-publish","hentry"],"_links":{"self":[{"href":"https:\/\/markvest.de\/ru\/wp-json\/wp\/v2\/pages\/36","targetHints":{"allow":["GET"]}}],"collection":[{"href":"https:\/\/markvest.de\/ru\/wp-json\/wp\/v2\/pages"}],"about":[{"href":"https:\/\/markvest.de\/ru\/wp-json\/wp\/v2\/types\/page"}],"author":[{"embeddable":true,"href":"https:\/\/markvest.de\/ru\/wp-json\/wp\/v2\/users\/1"}],"replies":[{"embeddable":true,"href":"https:\/\/markvest.de\/ru\/wp-json\/wp\/v2\/comments?post=36"}],"version-history":[{"count":2,"href":"https:\/\/markvest.de\/ru\/wp-json\/wp\/v2\/pages\/36\/revisions"}],"predecessor-version":[{"id":117,"href":"https:\/\/markvest.de\/ru\/wp-json\/wp\/v2\/pages\/36\/revisions\/117"}],"wp:attachment":[{"href":"https:\/\/markvest.de\/ru\/wp-json\/wp\/v2\/media?parent=36"}],"curies":[{"name":"wp","href":"https:\/\/api.w.org\/{rel}","templated":true}]}}